{"id":31,"date":"2025-06-25T00:04:33","date_gmt":"2025-06-24T22:04:33","guid":{"rendered":"https:\/\/lesateliersdelsa.com\/?page_id=31"},"modified":"2025-08-17T23:11:33","modified_gmt":"2025-08-17T21:11:33","slug":"contact","status":"publish","type":"page","link":"https:\/\/lesateliersdelsa.com\/index.php\/contact\/","title":{"rendered":"Contact"},"content":{"rendered":"<nav class=\"is-responsive nav-elsa wp-block-navigation is-layout-flex wp-block-navigation-is-layout-flex\" aria-label=\"Navigation\" \n\t\t data-wp-interactive=\"core\/navigation\" data-wp-context='{\"overlayOpenedBy\":{\"click\":false,\"hover\":false,\"focus\":false},\"type\":\"overlay\",\"roleAttribute\":\"\",\"ariaLabel\":\"Menu\"}'><button aria-haspopup=\"dialog\" aria-label=\"Ouvrir le menu\" class=\"wp-block-navigation__responsive-container-open\" \n\t\t\t\tdata-wp-on--click=\"actions.openMenuOnClick\"\n\t\t\t\tdata-wp-on--keydown=\"actions.handleMenuKeydown\"\n\t\t\t><svg width=\"24\" height=\"24\" xmlns=\"http:\/\/www.w3.org\/2000\/svg\" viewBox=\"0 0 24 24\" aria-hidden=\"true\" focusable=\"false\"><path d=\"M4 7.5h16v1.5H4z\"><\/path><path d=\"M4 15h16v1.5H4z\"><\/path><\/svg><\/button>\n\t\t\t\t<div class=\"wp-block-navigation__responsive-container\"  id=\"modal-1\" \n\t\t\t\tdata-wp-class--has-modal-open=\"state.isMenuOpen\"\n\t\t\t\tdata-wp-class--is-menu-open=\"state.isMenuOpen\"\n\t\t\t\tdata-wp-watch=\"callbacks.initMenu\"\n\t\t\t\tdata-wp-on--keydown=\"actions.handleMenuKeydown\"\n\t\t\t\tdata-wp-on--focusout=\"actions.handleMenuFocusout\"\n\t\t\t\ttabindex=\"-1\"\n\t\t\t>\n\t\t\t\t\t<div class=\"wp-block-navigation__responsive-close\" tabindex=\"-1\">\n\t\t\t\t\t\t<div class=\"wp-block-navigation__responsive-dialog\" \n\t\t\t\tdata-wp-bind--aria-modal=\"state.ariaModal\"\n\t\t\t\tdata-wp-bind--aria-label=\"state.ariaLabel\"\n\t\t\t\tdata-wp-bind--role=\"state.roleAttribute\"\n\t\t\t>\n\t\t\t\t\t\t\t<button aria-label=\"Fermer le menu\" class=\"wp-block-navigation__responsive-container-close\" \n\t\t\t\tdata-wp-on--click=\"actions.closeMenuOnClick\"\n\t\t\t><svg xmlns=\"http:\/\/www.w3.org\/2000\/svg\" viewBox=\"0 0 24 24\" width=\"24\" height=\"24\" aria-hidden=\"true\" focusable=\"false\"><path d=\"m13.06 12 6.47-6.47-1.06-1.06L12 10.94 5.53 4.47 4.47 5.53 10.94 12l-6.47 6.47 1.06 1.06L12 13.06l6.47 6.47 1.06-1.06L13.06 12Z\"><\/path><\/svg><\/button>\n\t\t\t\t\t\t\t<div class=\"wp-block-navigation__responsive-container-content\" \n\t\t\t\tdata-wp-watch=\"callbacks.focusFirstElement\"\n\t\t\t id=\"modal-1-content\">\n\t\t\t\t\t\t\t\t<ul class=\"wp-block-navigation__container is-responsive nav-elsa wp-block-navigation\"><ul class=\"wp-block-page-list\"><li class=\"wp-block-pages-list__item wp-block-navigation-item open-on-hover-click menu-item-home\"><a class=\"wp-block-pages-list__item__link wp-block-navigation-item__content\" href=\"https:\/\/lesateliersdelsa.com\/\">Accueil<\/a><\/li><li class=\"wp-block-pages-list__item wp-block-navigation-item open-on-hover-click\"><a class=\"wp-block-pages-list__item__link wp-block-navigation-item__content\" href=\"https:\/\/lesateliersdelsa.com\/index.php\/ma-demarche\/\">Ma d\u00e9marche<\/a><\/li><li class=\"wp-block-pages-list__item wp-block-navigation-item open-on-hover-click\"><a class=\"wp-block-pages-list__item__link wp-block-navigation-item__content\" href=\"https:\/\/lesateliersdelsa.com\/index.php\/ateliers-proposes\/\">Ateliers propos\u00e9s<\/a><\/li><li class=\"wp-block-pages-list__item wp-block-navigation-item open-on-hover-click\"><a class=\"wp-block-pages-list__item__link wp-block-navigation-item__content\" href=\"https:\/\/lesateliersdelsa.com\/index.php\/inscription\/\">Inscription<\/a><\/li><li class=\"wp-block-pages-list__item wp-block-navigation-item open-on-hover-click\"><a class=\"wp-block-pages-list__item__link wp-block-navigation-item__content\" href=\"https:\/\/lesateliersdelsa.com\/index.php\/contact\/\">Contact<\/a><\/li><\/ul><\/ul>\n\t\t\t\t\t\t\t<\/div>\n\t\t\t\t\t\t<\/div>\n\t\t\t\t\t<\/div>\n\t\t\t\t<\/div><\/nav>\n\n\n<div class=\"wp-block-media-text alignwide has-media-on-the-right is-stacked-on-mobile has-background\" style=\"background-color:#e8e3d9;grid-template-columns:auto 85%\"><div class=\"wp-block-media-text__content\">\n<p class=\"has-text-align-center has-large-font-size\">Contact<\/p>\n<\/div><figure class=\"wp-block-media-text__media\"><a href=\"https:\/\/lesateliersdelsa.com\/\"><img loading=\"lazy\" decoding=\"async\" width=\"1024\" height=\"213\" src=\"http:\/\/lesateliersdelsa.com\/wp-content\/uploads\/2025\/06\/Capture-decran-2025-06-24-232653-2-1024x213.png\" alt=\"\" class=\"wp-image-15 size-full\" srcset=\"https:\/\/lesateliersdelsa.com\/wp-content\/uploads\/2025\/06\/Capture-decran-2025-06-24-232653-2-1024x213.png 1024w, https:\/\/lesateliersdelsa.com\/wp-content\/uploads\/2025\/06\/Capture-decran-2025-06-24-232653-2-300x62.png 300w, https:\/\/lesateliersdelsa.com\/wp-content\/uploads\/2025\/06\/Capture-decran-2025-06-24-232653-2-768x160.png 768w, https:\/\/lesateliersdelsa.com\/wp-content\/uploads\/2025\/06\/Capture-decran-2025-06-24-232653-2.png 1066w\" sizes=\"auto, (max-width: 1024px) 100vw, 1024px\" \/><\/a><\/figure><\/div>\n\n\n\n<p>Ma\u00eetresse Elsa VARE<\/p>\n\n\n\n<p>T\u00e9l\u00e9phone&nbsp;: 0632021457<\/p>\n\n\n\n<p class=\"has-contrast-color has-text-color has-link-color wp-elements-4c1073552c892fa1f373f70895068828\">Mail&nbsp;: <strong><em><a href=\"mailto:lesateliersdelsa95@gmail.com\">lesateliersdelsa95@gmail.com<\/a><\/em><\/strong><\/p>\n\n\n\n<p><\/p>\n","protected":false},"excerpt":{"rendered":"<p>Contact Ma\u00eetresse Elsa VARE T\u00e9l\u00e9phone&nbsp;: 0632021457 Mail&nbsp;: lesateliersdelsa95@gmail.com<\/p>\n","protected":false},"author":1,"featured_media":0,"parent":0,"menu_order":5,"comment_status":"closed","ping_status":"closed","template":"","meta":{"footnotes":""},"class_list":["post-31","page","type-page","status-publish","hentry"],"_links":{"self":[{"href":"https:\/\/lesateliersdelsa.com\/index.php\/wp-json\/wp\/v2\/pages\/31","targetHints":{"allow":["GET"]}}],"collection":[{"href":"https:\/\/lesateliersdelsa.com\/index.php\/wp-json\/wp\/v2\/pages"}],"about":[{"href":"https:\/\/lesateliersdelsa.com\/index.php\/wp-json\/wp\/v2\/types\/page"}],"author":[{"embeddable":true,"href":"https:\/\/lesateliersdelsa.com\/index.php\/wp-json\/wp\/v2\/users\/1"}],"replies":[{"embeddable":true,"href":"https:\/\/lesateliersdelsa.com\/index.php\/wp-json\/wp\/v2\/comments?post=31"}],"version-history":[{"count":10,"href":"https:\/\/lesateliersdelsa.com\/index.php\/wp-json\/wp\/v2\/pages\/31\/revisions"}],"predecessor-version":[{"id":125,"href":"https:\/\/lesateliersdelsa.com\/index.php\/wp-json\/wp\/v2\/pages\/31\/revisions\/125"}],"wp:attachment":[{"href":"https:\/\/lesateliersdelsa.com\/index.php\/wp-json\/wp\/v2\/media?parent=31"}],"curies":[{"name":"wp","href":"https:\/\/api.w.org\/{rel}","templated":true}]}}