{"id":22,"date":"2025-06-24T23:55:19","date_gmt":"2025-06-24T21:55:19","guid":{"rendered":"https:\/\/lesateliersdelsa.com\/?page_id=22"},"modified":"2025-08-18T11:55:28","modified_gmt":"2025-08-18T09:55:28","slug":"ateliers-proposes","status":"publish","type":"page","link":"https:\/\/lesateliersdelsa.com\/index.php\/ateliers-proposes\/","title":{"rendered":"Ateliers propos\u00e9s"},"content":{"rendered":"<nav class=\"is-responsive nav-elsa wp-block-navigation is-layout-flex wp-block-navigation-is-layout-flex\" aria-label=\"Navigation\" \n\t\t data-wp-interactive=\"core\/navigation\" data-wp-context='{\"overlayOpenedBy\":{\"click\":false,\"hover\":false,\"focus\":false},\"type\":\"overlay\",\"roleAttribute\":\"\",\"ariaLabel\":\"Menu\"}'><button aria-haspopup=\"dialog\" aria-label=\"Ouvrir le menu\" class=\"wp-block-navigation__responsive-container-open\" \n\t\t\t\tdata-wp-on--click=\"actions.openMenuOnClick\"\n\t\t\t\tdata-wp-on--keydown=\"actions.handleMenuKeydown\"\n\t\t\t><svg width=\"24\" height=\"24\" xmlns=\"http:\/\/www.w3.org\/2000\/svg\" viewBox=\"0 0 24 24\" aria-hidden=\"true\" focusable=\"false\"><path d=\"M4 7.5h16v1.5H4z\"><\/path><path d=\"M4 15h16v1.5H4z\"><\/path><\/svg><\/button>\n\t\t\t\t<div class=\"wp-block-navigation__responsive-container\"  id=\"modal-1\" \n\t\t\t\tdata-wp-class--has-modal-open=\"state.isMenuOpen\"\n\t\t\t\tdata-wp-class--is-menu-open=\"state.isMenuOpen\"\n\t\t\t\tdata-wp-watch=\"callbacks.initMenu\"\n\t\t\t\tdata-wp-on--keydown=\"actions.handleMenuKeydown\"\n\t\t\t\tdata-wp-on--focusout=\"actions.handleMenuFocusout\"\n\t\t\t\ttabindex=\"-1\"\n\t\t\t>\n\t\t\t\t\t<div class=\"wp-block-navigation__responsive-close\" tabindex=\"-1\">\n\t\t\t\t\t\t<div class=\"wp-block-navigation__responsive-dialog\" \n\t\t\t\tdata-wp-bind--aria-modal=\"state.ariaModal\"\n\t\t\t\tdata-wp-bind--aria-label=\"state.ariaLabel\"\n\t\t\t\tdata-wp-bind--role=\"state.roleAttribute\"\n\t\t\t>\n\t\t\t\t\t\t\t<button aria-label=\"Fermer le menu\" class=\"wp-block-navigation__responsive-container-close\" \n\t\t\t\tdata-wp-on--click=\"actions.closeMenuOnClick\"\n\t\t\t><svg xmlns=\"http:\/\/www.w3.org\/2000\/svg\" viewBox=\"0 0 24 24\" width=\"24\" height=\"24\" aria-hidden=\"true\" focusable=\"false\"><path d=\"m13.06 12 6.47-6.47-1.06-1.06L12 10.94 5.53 4.47 4.47 5.53 10.94 12l-6.47 6.47 1.06 1.06L12 13.06l6.47 6.47 1.06-1.06L13.06 12Z\"><\/path><\/svg><\/button>\n\t\t\t\t\t\t\t<div class=\"wp-block-navigation__responsive-container-content\" \n\t\t\t\tdata-wp-watch=\"callbacks.focusFirstElement\"\n\t\t\t id=\"modal-1-content\">\n\t\t\t\t\t\t\t\t<ul class=\"wp-block-navigation__container is-responsive nav-elsa wp-block-navigation\"><ul class=\"wp-block-page-list\"><li class=\"wp-block-pages-list__item wp-block-navigation-item open-on-hover-click menu-item-home\"><a class=\"wp-block-pages-list__item__link wp-block-navigation-item__content\" href=\"https:\/\/lesateliersdelsa.com\/\">Accueil<\/a><\/li><li class=\"wp-block-pages-list__item wp-block-navigation-item open-on-hover-click\"><a class=\"wp-block-pages-list__item__link wp-block-navigation-item__content\" href=\"https:\/\/lesateliersdelsa.com\/index.php\/ma-demarche\/\">Ma d\u00e9marche<\/a><\/li><li class=\"wp-block-pages-list__item wp-block-navigation-item open-on-hover-click\"><a class=\"wp-block-pages-list__item__link wp-block-navigation-item__content\" href=\"https:\/\/lesateliersdelsa.com\/index.php\/ateliers-proposes\/\">Ateliers propos\u00e9s<\/a><\/li><li class=\"wp-block-pages-list__item wp-block-navigation-item open-on-hover-click\"><a class=\"wp-block-pages-list__item__link wp-block-navigation-item__content\" href=\"https:\/\/lesateliersdelsa.com\/index.php\/inscription\/\">Inscription<\/a><\/li><li class=\"wp-block-pages-list__item wp-block-navigation-item open-on-hover-click\"><a class=\"wp-block-pages-list__item__link wp-block-navigation-item__content\" href=\"https:\/\/lesateliersdelsa.com\/index.php\/contact\/\">Contact<\/a><\/li><\/ul><\/ul>\n\t\t\t\t\t\t\t<\/div>\n\t\t\t\t\t\t<\/div>\n\t\t\t\t\t<\/div>\n\t\t\t\t<\/div><\/nav>\n\n\n<div class=\"wp-block-media-text alignwide has-media-on-the-right is-stacked-on-mobile has-background\" style=\"background-color:#e8e3d9;grid-template-columns:auto 85%\"><div class=\"wp-block-media-text__content\">\n<p class=\"has-text-align-center has-large-font-size\">Ateliers propos\u00e9s<\/p>\n<\/div><figure class=\"wp-block-media-text__media\"><a href=\"https:\/\/lesateliersdelsa.com\/\"><img loading=\"lazy\" decoding=\"async\" width=\"1024\" height=\"213\" src=\"http:\/\/lesateliersdelsa.com\/wp-content\/uploads\/2025\/06\/Capture-decran-2025-06-24-232653-2-1024x213.png\" alt=\"\" class=\"wp-image-15 size-full\" srcset=\"https:\/\/lesateliersdelsa.com\/wp-content\/uploads\/2025\/06\/Capture-decran-2025-06-24-232653-2-1024x213.png 1024w, https:\/\/lesateliersdelsa.com\/wp-content\/uploads\/2025\/06\/Capture-decran-2025-06-24-232653-2-300x62.png 300w, https:\/\/lesateliersdelsa.com\/wp-content\/uploads\/2025\/06\/Capture-decran-2025-06-24-232653-2-768x160.png 768w, https:\/\/lesateliersdelsa.com\/wp-content\/uploads\/2025\/06\/Capture-decran-2025-06-24-232653-2.png 1066w\" sizes=\"auto, (max-width: 1024px) 100vw, 1024px\" \/><\/a><\/figure><\/div>\n\n\n\n<h2 class=\"wp-block-heading has-base-background-color has-background\" style=\"padding-top:var(--wp--preset--spacing--10);padding-bottom:var(--wp--preset--spacing--10)\"><strong><mark style=\"background-color:rgba(0, 0, 0, 0);color:#b1c5a4\" class=\"has-inline-color\">Ateliers de soutien en mini\n            groupe<\/mark><\/strong><\/h2>\n\n\n\n<p class=\"has-text-align-left\">Les ateliers de soutien sont \u00e0 destination des enfants rencontrant des difficult\u00e9s scolaires. L&rsquo;accent sera mis sur un enrichissement en fran\u00e7ais et\/ou en math\u00e9matiques. Les minis groupes se composent de trois enfants. Chaque enfant abordera, de la mani\u00e8re la plus personnalis\u00e9e possible, ses difficult\u00e9s en passant par la manipulation, le jeu ou d&rsquo;autres m\u00e9thodes alternatives. Former des groupes sera surtout l&rsquo;occasion de s&rsquo;entra\u00eener et de s&rsquo;am\u00e9liorer tout en s&rsquo;amusant ensemble. Ainsi, les trios seront form\u00e9s, dans la mesure du possible, en fonction de faiblesses communes pour favoriser les temps en collectif et ainsi provoquer une \u00e9mulation et un sentiment de s\u00e9curit\u00e9. L&rsquo;enfant n&rsquo;est pas seul face \u00e0 ses difficult\u00e9s, d&rsquo;autres comme lui rencontrent \u00e9galement des difficult\u00e9s et tous peuvent s&rsquo;entraider. <\/p>\n\n\n\n<ul class=\"wp-block-list\">\n<li>En mini groupe de 3 enfants ;<\/li>\n\n\n\n<li>Les lundis, mardis, jeudis et vendredis (uniquement en p\u00e9riode scolaire) ;<\/li>\n\n\n\n<li>De 16h45 \u00e0 17h45 ;<\/li>\n\n\n\n<li>15 euros la s\u00e9ance d\u2019une heure ;<\/li>\n\n\n\n<li>Forfait pour 6 s\u00e9ances\u00a0: 85 euros dont 25 euros \u00e0 payer le jour de l\u2019inscription ;<\/li>\n\n\n\n<li>Forfait pour 12 s\u00e9ances\u00a0: 165 euros dont 50 euros \u00e0 payer le jour de l\u2019inscription.<\/li>\n<\/ul>\n\n\n\n<div class=\"wp-block-buttons is-content-justification-center is-layout-flex wp-container-core-buttons-is-layout-a89b3969 wp-block-buttons-is-layout-flex\">\n<div class=\"wp-block-button\"><a class=\"wp-block-button__link wp-element-button\" href=\"https:\/\/lesateliersdelsa.com\/index.php\/inscription\/\">Inscription<\/a><\/div>\n<\/div>\n\n\n\n<h2 class=\"wp-block-heading has-accent-4-color has-base-background-color has-text-color has-background has-link-color wp-elements-c9b0ac4426b403b332bf861a286a9db8\" style=\"padding-top:var(--wp--preset--spacing--10);padding-bottom:var(--wp--preset--spacing--10)\"><strong>Ateliers de\n        soutien en individuel<\/strong><\/h2>\n\n\n\n<p>Les ateliers de soutien individuel sont \u00e0 destination des enfants rencontrant des difficult\u00e9s scolaires en fran\u00e7ais,\n    en math\u00e9matiques ou autres. Lors de ces temps, nous aborderons plus en profondeur les th\u00e8mes qui entravent votre\n    enfant dans sa scolarit\u00e9. Il peut \u00e9galement s&rsquo;agir de difficult\u00e9s li\u00e9es \u00e0 la mise au travail, l&rsquo;organisation ou de\n    la m\u00e9thodologie d&rsquo;apprentissage. Il s&rsquo;agit de s\u00e9ances totalement personnalis\u00e9es pour s&rsquo;adapter au plus pr\u00e8s aux\n    besoins de votre enfant. <\/p>\n\n\n\n<ul class=\"wp-block-list\">\n<li>Jours et horaires \u00e0 fixer ensemble lors de l&rsquo;inscription (pas de disponibilit\u00e9s le weekend) ; <\/li>\n\n\n\n<li>25 euros l\u2019heure de soutien ;<\/li>\n\n\n\n<li>Forfait pour 6 s\u00e9ances\u00a0: 140 euros dont 40 euros \u00e0 payer le jour de l\u2019inscription ;<\/li>\n\n\n\n<li>Forfait pour 12 s\u00e9ances\u00a0: 275 euros dont 80 euros \u00e0 payer le jour de l\u2019inscription.\u00a0<\/li>\n<\/ul>\n\n\n\n<div class=\"wp-block-buttons is-content-justification-center is-layout-flex wp-container-core-buttons-is-layout-a89b3969 wp-block-buttons-is-layout-flex\">\n<div class=\"wp-block-button\"><a class=\"wp-block-button__link wp-element-button\" href=\"https:\/\/lesateliersdelsa.com\/index.php\/inscription\/\">Inscription<\/a><\/div>\n<\/div>\n\n\n\n<h2 class=\"wp-block-heading has-accent-4-color has-base-background-color has-text-color has-background has-link-color wp-elements-10491d4fb672823c10b4ad372e4db419\" style=\"padding-top:var(--wp--preset--spacing--10);padding-bottom:var(--wp--preset--spacing--10)\"><strong>Ateliers\n        jeux de soci\u00e9t\u00e9<\/strong><\/h2>\n\n\n\n<p>Je propose \u00e0 votre enfant de passer un moment ludique autour de jeux de soci\u00e9t\u00e9 \u00ab\u00a0modernes\u00a0\u00bb et d&rsquo;autres grands\n    classiques. <\/p>\n\n\n\n<p>Les bienfaits des jeux de soci\u00e9t\u00e9 concernant les enseignements scolaires sont nombreux. En jouant, on am\u00e9liore son sens logique, sa compr\u00e9hension, son langage, sa cr\u00e9ativit\u00e9, ses comp\u00e9tences math\u00e9matiques, historiques, scientifiques et j&rsquo;en passe. Sur le plan moteur, les plus jeunes d\u00e9veloppent leur motricit\u00e9 fine et apprennent \u00e0 appr\u00e9hender l&rsquo;espace en d\u00e9pla\u00e7ant leurs pions, en tenant leurs cartes ou encore en jetant un d\u00e9.<\/p>\n\n\n\n<p>Le jeu de soci\u00e9t\u00e9 favorise le \u00ab\u00a0vivre ensemble\u00a0\u00bb en apprenant la patience, le respect de l&rsquo;autre, du mat\u00e9riel et des\n    r\u00e8gles. Il permet d&rsquo;apprendre \u00e0 g\u00e9rer ses \u00e9motions en acceptant la d\u00e9faite et la frustration. Mais \u00e9galement\n    apprendre \u00e0 gagner respectueusement, avoir la possibilit\u00e9 de montrer ses talents et r\u00e9ussir parfois m\u00eame contre des\n    plus grands que soi et donc d\u00e9velopper une estime de soi. <\/p>\n\n\n\n<p>Le jeu de soci\u00e9t\u00e9 implique de se concentrer, de m\u00e9moriser, anticiper, pr\u00e9voir et parfois de cr\u00e9er et d&rsquo;improviser.\n<\/p>\n\n\n\n<ul class=\"wp-block-list\">\n<li>Pendant les vacances scolaires ; <\/li>\n\n\n\n<li>Le mercredi matin de 10h \u00e0 12h ;<\/li>\n\n\n\n<li>Pour les 6 \u2013 10 ans ; <\/li>\n\n\n\n<li>En groupe de 5 enfants ; <\/li>\n\n\n\n<li>15 euros l&rsquo;atelier de 2 heures. <\/li>\n<\/ul>\n\n\n\n<p><em>Prochaines dates disponibles : 22 octobre 2025 et 29 octobre 2025.<\/em><\/p>\n\n\n\n<div class=\"wp-block-buttons is-content-justification-center is-layout-flex wp-container-core-buttons-is-layout-a89b3969 wp-block-buttons-is-layout-flex\">\n<div class=\"wp-block-button\"><a class=\"wp-block-button__link wp-element-button\" href=\"https:\/\/lesateliersdelsa.com\/index.php\/inscription\/\">Inscription<\/a><\/div>\n<\/div>\n\n\n\n<p><\/p>\n","protected":false},"excerpt":{"rendered":"<p>Ateliers propos\u00e9s Ateliers de soutien en mini groupe Les ateliers de soutien sont \u00e0 destination des enfants rencontrant des difficult\u00e9s scolaires. L&rsquo;accent sera mis sur un enrichissement en fran\u00e7ais et\/ou en math\u00e9matiques. Les minis groupes se composent de trois enfants. Chaque enfant abordera, de la mani\u00e8re la plus personnalis\u00e9e possible, ses difficult\u00e9s en passant par [&hellip;]<\/p>\n","protected":false},"author":1,"featured_media":0,"parent":0,"menu_order":2,"comment_status":"closed","ping_status":"closed","template":"","meta":{"footnotes":""},"class_list":["post-22","page","type-page","status-publish","hentry"],"_links":{"self":[{"href":"https:\/\/lesateliersdelsa.com\/index.php\/wp-json\/wp\/v2\/pages\/22","targetHints":{"allow":["GET"]}}],"collection":[{"href":"https:\/\/lesateliersdelsa.com\/index.php\/wp-json\/wp\/v2\/pages"}],"about":[{"href":"https:\/\/lesateliersdelsa.com\/index.php\/wp-json\/wp\/v2\/types\/page"}],"author":[{"embeddable":true,"href":"https:\/\/lesateliersdelsa.com\/index.php\/wp-json\/wp\/v2\/users\/1"}],"replies":[{"embeddable":true,"href":"https:\/\/lesateliersdelsa.com\/index.php\/wp-json\/wp\/v2\/comments?post=22"}],"version-history":[{"count":26,"href":"https:\/\/lesateliersdelsa.com\/index.php\/wp-json\/wp\/v2\/pages\/22\/revisions"}],"predecessor-version":[{"id":145,"href":"https:\/\/lesateliersdelsa.com\/index.php\/wp-json\/wp\/v2\/pages\/22\/revisions\/145"}],"wp:attachment":[{"href":"https:\/\/lesateliersdelsa.com\/index.php\/wp-json\/wp\/v2\/media?parent=22"}],"curies":[{"name":"wp","href":"https:\/\/api.w.org\/{rel}","templated":true}]}}