{"id":19,"date":"2025-06-24T23:49:13","date_gmt":"2025-06-24T21:49:13","guid":{"rendered":"https:\/\/lesateliersdelsa.com\/?page_id=19"},"modified":"2025-08-17T23:15:34","modified_gmt":"2025-08-17T21:15:34","slug":"ma-demarche","status":"publish","type":"page","link":"https:\/\/lesateliersdelsa.com\/index.php\/ma-demarche\/","title":{"rendered":"Ma d\u00e9marche"},"content":{"rendered":"<nav class=\"is-responsive nav-elsa wp-block-navigation is-layout-flex wp-block-navigation-is-layout-flex\" aria-label=\"Navigation\" \n\t\t data-wp-interactive=\"core\/navigation\" data-wp-context='{\"overlayOpenedBy\":{\"click\":false,\"hover\":false,\"focus\":false},\"type\":\"overlay\",\"roleAttribute\":\"\",\"ariaLabel\":\"Menu\"}'><button aria-haspopup=\"dialog\" aria-label=\"Ouvrir le menu\" class=\"wp-block-navigation__responsive-container-open\" \n\t\t\t\tdata-wp-on--click=\"actions.openMenuOnClick\"\n\t\t\t\tdata-wp-on--keydown=\"actions.handleMenuKeydown\"\n\t\t\t><svg width=\"24\" height=\"24\" xmlns=\"http:\/\/www.w3.org\/2000\/svg\" viewBox=\"0 0 24 24\" aria-hidden=\"true\" focusable=\"false\"><path d=\"M4 7.5h16v1.5H4z\"><\/path><path d=\"M4 15h16v1.5H4z\"><\/path><\/svg><\/button>\n\t\t\t\t<div class=\"wp-block-navigation__responsive-container\"  id=\"modal-1\" \n\t\t\t\tdata-wp-class--has-modal-open=\"state.isMenuOpen\"\n\t\t\t\tdata-wp-class--is-menu-open=\"state.isMenuOpen\"\n\t\t\t\tdata-wp-watch=\"callbacks.initMenu\"\n\t\t\t\tdata-wp-on--keydown=\"actions.handleMenuKeydown\"\n\t\t\t\tdata-wp-on--focusout=\"actions.handleMenuFocusout\"\n\t\t\t\ttabindex=\"-1\"\n\t\t\t>\n\t\t\t\t\t<div class=\"wp-block-navigation__responsive-close\" tabindex=\"-1\">\n\t\t\t\t\t\t<div class=\"wp-block-navigation__responsive-dialog\" \n\t\t\t\tdata-wp-bind--aria-modal=\"state.ariaModal\"\n\t\t\t\tdata-wp-bind--aria-label=\"state.ariaLabel\"\n\t\t\t\tdata-wp-bind--role=\"state.roleAttribute\"\n\t\t\t>\n\t\t\t\t\t\t\t<button aria-label=\"Fermer le menu\" class=\"wp-block-navigation__responsive-container-close\" \n\t\t\t\tdata-wp-on--click=\"actions.closeMenuOnClick\"\n\t\t\t><svg xmlns=\"http:\/\/www.w3.org\/2000\/svg\" viewBox=\"0 0 24 24\" width=\"24\" height=\"24\" aria-hidden=\"true\" focusable=\"false\"><path d=\"m13.06 12 6.47-6.47-1.06-1.06L12 10.94 5.53 4.47 4.47 5.53 10.94 12l-6.47 6.47 1.06 1.06L12 13.06l6.47 6.47 1.06-1.06L13.06 12Z\"><\/path><\/svg><\/button>\n\t\t\t\t\t\t\t<div class=\"wp-block-navigation__responsive-container-content\" \n\t\t\t\tdata-wp-watch=\"callbacks.focusFirstElement\"\n\t\t\t id=\"modal-1-content\">\n\t\t\t\t\t\t\t\t<ul class=\"wp-block-navigation__container is-responsive nav-elsa wp-block-navigation\"><ul class=\"wp-block-page-list\"><li class=\"wp-block-pages-list__item wp-block-navigation-item open-on-hover-click menu-item-home\"><a class=\"wp-block-pages-list__item__link wp-block-navigation-item__content\" href=\"https:\/\/lesateliersdelsa.com\/\">Accueil<\/a><\/li><li class=\"wp-block-pages-list__item wp-block-navigation-item open-on-hover-click\"><a class=\"wp-block-pages-list__item__link wp-block-navigation-item__content\" href=\"https:\/\/lesateliersdelsa.com\/index.php\/ma-demarche\/\">Ma d\u00e9marche<\/a><\/li><li class=\"wp-block-pages-list__item wp-block-navigation-item open-on-hover-click\"><a class=\"wp-block-pages-list__item__link wp-block-navigation-item__content\" href=\"https:\/\/lesateliersdelsa.com\/index.php\/ateliers-proposes\/\">Ateliers propos\u00e9s<\/a><\/li><li class=\"wp-block-pages-list__item wp-block-navigation-item open-on-hover-click\"><a class=\"wp-block-pages-list__item__link wp-block-navigation-item__content\" href=\"https:\/\/lesateliersdelsa.com\/index.php\/inscription\/\">Inscription<\/a><\/li><li class=\"wp-block-pages-list__item wp-block-navigation-item open-on-hover-click\"><a class=\"wp-block-pages-list__item__link wp-block-navigation-item__content\" href=\"https:\/\/lesateliersdelsa.com\/index.php\/contact\/\">Contact<\/a><\/li><\/ul><\/ul>\n\t\t\t\t\t\t\t<\/div>\n\t\t\t\t\t\t<\/div>\n\t\t\t\t\t<\/div>\n\t\t\t\t<\/div><\/nav>\n\n\n<div class=\"wp-block-media-text alignwide has-media-on-the-right is-stacked-on-mobile has-background\" style=\"background-color:#e8e3d9;grid-template-columns:auto 84%\"><div class=\"wp-block-media-text__content\">\n<p class=\"has-text-align-center has-large-font-size\">Ma d\u00e9marche<\/p>\n<\/div><figure class=\"wp-block-media-text__media\"><a href=\"https:\/\/lesateliersdelsa.com\/\"><img loading=\"lazy\" decoding=\"async\" width=\"1024\" height=\"213\" src=\"http:\/\/lesateliersdelsa.com\/wp-content\/uploads\/2025\/06\/Capture-decran-2025-06-24-232653-2-1024x213.png\" alt=\"\" class=\"wp-image-15 size-full\" srcset=\"https:\/\/lesateliersdelsa.com\/wp-content\/uploads\/2025\/06\/Capture-decran-2025-06-24-232653-2-1024x213.png 1024w, https:\/\/lesateliersdelsa.com\/wp-content\/uploads\/2025\/06\/Capture-decran-2025-06-24-232653-2-300x62.png 300w, https:\/\/lesateliersdelsa.com\/wp-content\/uploads\/2025\/06\/Capture-decran-2025-06-24-232653-2-768x160.png 768w, https:\/\/lesateliersdelsa.com\/wp-content\/uploads\/2025\/06\/Capture-decran-2025-06-24-232653-2.png 1066w\" sizes=\"auto, (max-width: 1024px) 100vw, 1024px\" \/><\/a><\/figure><\/div>\n\n\n\n<p>Elsa Var\u00e9, enseignante avec 15 ann\u00e9es d\u2019exp\u00e9rience en \u00e9l\u00e9mentaire, je vous propose d\u2019aider votre enfant dans sa scolarit\u00e9 \u00e0 l\u2019aide de m\u00e9thodes personnalis\u00e9es et ludiques. J\u2019ai pu notamment me former aux p\u00e9dagogies alternatives qui reposent sur le fait de donner du sens aux apprentissages et sur la notion de plaisir comme fixateur des comp\u00e9tences.<\/p>\n\n\n\n<p>Les enfants auront \u00e0 leur disposition du mat\u00e9riel p\u00e9dagogique permettant d\u2019ancrer les savoirs et\/ou de se rassurer en ayant un appui dans leur processus de r\u00e9flexion.<\/p>\n\n\n\n<p>Le but des ateliers de soutien consistera, pour l\u2019essentiel, \u00e0 acqu\u00e9rir des bases solides en fran\u00e7ais et en math\u00e9matiques en lien avec les programmes de l\u2019Education nationale et les notions vues en classe. Mon assistance pourra bien entendu porter sur les autres domaines enseign\u00e9s. Je suis notamment titulaire d\u2019une licence d\u2019histoire.<\/p>\n\n\n\n<p>J\u2019ai \u00e9galement travaill\u00e9 sur les diff\u00e9rentes m\u00e9thodologies de travail, sur le comment apprendre, retenir ou r\u00e9aliser une t\u00e2che. Le but \u00e9tant d\u2019aider l\u2019enfant \u00e0 devenir autonome et efficace sur sa mise au travail, sa concentration, son organisation et ses techniques de m\u00e9morisation.<\/p>\n\n\n\n<p>J\u2019aurai \u00e9galement \u00e0 c\u0153ur, de redonner \u00e0 chaque enfant confiance en lui et en ses capacit\u00e9s ainsi que le go\u00fbt d\u2019apprendre et la satisfaction de r\u00e9ussir.<\/p>\n\n\n\n<p>Ma\u00eetresse Elsa.<\/p>\n\n\n\n<div class=\"wp-block-buttons is-content-justification-center is-layout-flex wp-container-core-buttons-is-layout-a89b3969 wp-block-buttons-is-layout-flex\">\n<div class=\"wp-block-button\"><a class=\"wp-block-button__link wp-element-button\" href=\"https:\/\/lesateliersdelsa.com\/index.php\/ateliers-proposes\/\">Les ateliers propos\u00e9s<\/a><\/div>\n<\/div>\n\n\n\n<p><\/p>\n","protected":false},"excerpt":{"rendered":"<p>Ma d\u00e9marche Elsa Var\u00e9, enseignante avec 15 ann\u00e9es d\u2019exp\u00e9rience en \u00e9l\u00e9mentaire, je vous propose d\u2019aider votre enfant dans sa scolarit\u00e9 \u00e0 l\u2019aide de m\u00e9thodes personnalis\u00e9es et ludiques. J\u2019ai pu notamment me former aux p\u00e9dagogies alternatives qui reposent sur le fait de donner du sens aux apprentissages et sur la notion de plaisir comme fixateur des [&hellip;]<\/p>\n","protected":false},"author":1,"featured_media":0,"parent":0,"menu_order":1,"comment_status":"closed","ping_status":"closed","template":"","meta":{"footnotes":""},"class_list":["post-19","page","type-page","status-publish","hentry"],"_links":{"self":[{"href":"https:\/\/lesateliersdelsa.com\/index.php\/wp-json\/wp\/v2\/pages\/19","targetHints":{"allow":["GET"]}}],"collection":[{"href":"https:\/\/lesateliersdelsa.com\/index.php\/wp-json\/wp\/v2\/pages"}],"about":[{"href":"https:\/\/lesateliersdelsa.com\/index.php\/wp-json\/wp\/v2\/types\/page"}],"author":[{"embeddable":true,"href":"https:\/\/lesateliersdelsa.com\/index.php\/wp-json\/wp\/v2\/users\/1"}],"replies":[{"embeddable":true,"href":"https:\/\/lesateliersdelsa.com\/index.php\/wp-json\/wp\/v2\/comments?post=19"}],"version-history":[{"count":9,"href":"https:\/\/lesateliersdelsa.com\/index.php\/wp-json\/wp\/v2\/pages\/19\/revisions"}],"predecessor-version":[{"id":131,"href":"https:\/\/lesateliersdelsa.com\/index.php\/wp-json\/wp\/v2\/pages\/19\/revisions\/131"}],"wp:attachment":[{"href":"https:\/\/lesateliersdelsa.com\/index.php\/wp-json\/wp\/v2\/media?parent=19"}],"curies":[{"name":"wp","href":"https:\/\/api.w.org\/{rel}","templated":true}]}}