{"id":10,"date":"2025-06-24T18:31:58","date_gmt":"2025-06-24T16:31:58","guid":{"rendered":"https:\/\/lesateliersdelsa.com\/?page_id=10"},"modified":"2025-08-17T23:37:30","modified_gmt":"2025-08-17T21:37:30","slug":"accueil","status":"publish","type":"page","link":"https:\/\/lesateliersdelsa.com\/","title":{"rendered":"Accueil"},"content":{"rendered":"<nav class=\"is-responsive nav-elsa wp-block-navigation is-layout-flex wp-block-navigation-is-layout-flex\" aria-label=\"Navigation\" \n\t\t data-wp-interactive=\"core\/navigation\" data-wp-context='{\"overlayOpenedBy\":{\"click\":false,\"hover\":false,\"focus\":false},\"type\":\"overlay\",\"roleAttribute\":\"\",\"ariaLabel\":\"Menu\"}'><button aria-haspopup=\"dialog\" aria-label=\"Ouvrir le menu\" class=\"wp-block-navigation__responsive-container-open\" \n\t\t\t\tdata-wp-on--click=\"actions.openMenuOnClick\"\n\t\t\t\tdata-wp-on--keydown=\"actions.handleMenuKeydown\"\n\t\t\t><svg width=\"24\" height=\"24\" xmlns=\"http:\/\/www.w3.org\/2000\/svg\" viewBox=\"0 0 24 24\" aria-hidden=\"true\" focusable=\"false\"><path d=\"M4 7.5h16v1.5H4z\"><\/path><path d=\"M4 15h16v1.5H4z\"><\/path><\/svg><\/button>\n\t\t\t\t<div class=\"wp-block-navigation__responsive-container\"  id=\"modal-1\" \n\t\t\t\tdata-wp-class--has-modal-open=\"state.isMenuOpen\"\n\t\t\t\tdata-wp-class--is-menu-open=\"state.isMenuOpen\"\n\t\t\t\tdata-wp-watch=\"callbacks.initMenu\"\n\t\t\t\tdata-wp-on--keydown=\"actions.handleMenuKeydown\"\n\t\t\t\tdata-wp-on--focusout=\"actions.handleMenuFocusout\"\n\t\t\t\ttabindex=\"-1\"\n\t\t\t>\n\t\t\t\t\t<div class=\"wp-block-navigation__responsive-close\" tabindex=\"-1\">\n\t\t\t\t\t\t<div class=\"wp-block-navigation__responsive-dialog\" \n\t\t\t\tdata-wp-bind--aria-modal=\"state.ariaModal\"\n\t\t\t\tdata-wp-bind--aria-label=\"state.ariaLabel\"\n\t\t\t\tdata-wp-bind--role=\"state.roleAttribute\"\n\t\t\t>\n\t\t\t\t\t\t\t<button aria-label=\"Fermer le menu\" class=\"wp-block-navigation__responsive-container-close\" \n\t\t\t\tdata-wp-on--click=\"actions.closeMenuOnClick\"\n\t\t\t><svg xmlns=\"http:\/\/www.w3.org\/2000\/svg\" viewBox=\"0 0 24 24\" width=\"24\" height=\"24\" aria-hidden=\"true\" focusable=\"false\"><path d=\"m13.06 12 6.47-6.47-1.06-1.06L12 10.94 5.53 4.47 4.47 5.53 10.94 12l-6.47 6.47 1.06 1.06L12 13.06l6.47 6.47 1.06-1.06L13.06 12Z\"><\/path><\/svg><\/button>\n\t\t\t\t\t\t\t<div class=\"wp-block-navigation__responsive-container-content\" \n\t\t\t\tdata-wp-watch=\"callbacks.focusFirstElement\"\n\t\t\t id=\"modal-1-content\">\n\t\t\t\t\t\t\t\t<ul class=\"wp-block-navigation__container is-responsive nav-elsa wp-block-navigation\"><ul class=\"wp-block-page-list\"><li class=\"wp-block-pages-list__item wp-block-navigation-item open-on-hover-click menu-item-home\"><a class=\"wp-block-pages-list__item__link wp-block-navigation-item__content\" href=\"https:\/\/lesateliersdelsa.com\/\">Accueil<\/a><\/li><li class=\"wp-block-pages-list__item wp-block-navigation-item open-on-hover-click\"><a class=\"wp-block-pages-list__item__link wp-block-navigation-item__content\" href=\"https:\/\/lesateliersdelsa.com\/index.php\/ma-demarche\/\">Ma d\u00e9marche<\/a><\/li><li class=\"wp-block-pages-list__item wp-block-navigation-item open-on-hover-click\"><a class=\"wp-block-pages-list__item__link wp-block-navigation-item__content\" href=\"https:\/\/lesateliersdelsa.com\/index.php\/ateliers-proposes\/\">Ateliers propos\u00e9s<\/a><\/li><li class=\"wp-block-pages-list__item wp-block-navigation-item open-on-hover-click\"><a class=\"wp-block-pages-list__item__link wp-block-navigation-item__content\" href=\"https:\/\/lesateliersdelsa.com\/index.php\/inscription\/\">Inscription<\/a><\/li><li class=\"wp-block-pages-list__item wp-block-navigation-item open-on-hover-click\"><a class=\"wp-block-pages-list__item__link wp-block-navigation-item__content\" href=\"https:\/\/lesateliersdelsa.com\/index.php\/contact\/\">Contact<\/a><\/li><\/ul><\/ul>\n\t\t\t\t\t\t\t<\/div>\n\t\t\t\t\t\t<\/div>\n\t\t\t\t\t<\/div>\n\t\t\t\t<\/div><\/nav>\n\n\n<div class=\"wp-block-media-text alignwide has-media-on-the-right is-stacked-on-mobile has-background\"\n    style=\"background-color:#e8e4da;grid-template-columns:auto 85%\">\n    <div class=\"wp-block-media-text__content\">\n        \n\n<p class=\"has-text-align-center has-large-font-size\">Accueil<\/p>\n\n    <\/div>\n    <figure class=\"wp-block-media-text__media\"><a href=\"https:\/\/lesateliersdelsa.com\/\"><img loading=\"lazy\" decoding=\"async\" width=\"1024\" height=\"213\"\n                src=\"https:\/\/lesateliersdelsa.com\/wp-content\/uploads\/2025\/06\/Capture-decran-2025-06-24-232653-2-1024x213.png\"\n                alt=\"\" class=\"wp-image-15 size-full\" srcset=\"https:\/\/lesateliersdelsa.com\/wp-content\/uploads\/2025\/06\/Capture-decran-2025-06-24-232653-2-1024x213.png 1024w, https:\/\/lesateliersdelsa.com\/wp-content\/uploads\/2025\/06\/Capture-decran-2025-06-24-232653-2-300x62.png 300w, https:\/\/lesateliersdelsa.com\/wp-content\/uploads\/2025\/06\/Capture-decran-2025-06-24-232653-2-768x160.png 768w, https:\/\/lesateliersdelsa.com\/wp-content\/uploads\/2025\/06\/Capture-decran-2025-06-24-232653-2.png 1066w\" sizes=\"auto, (max-width: 1024px) 100vw, 1024px\" \/><\/a><\/figure>\n<\/div>\n\n\n\n<div class=\"wp-block-group has-global-padding is-layout-constrained wp-container-core-group-is-layout-efb6bcc5 wp-block-group-is-layout-constrained\" style=\"padding-top:var(--wp--preset--spacing--20);padding-right:var(--wp--preset--spacing--50);padding-bottom:var(--wp--preset--spacing--20);padding-left:var(--wp--preset--spacing--50)\">\n<div class=\"wp-block-group has-global-padding is-layout-constrained wp-container-core-group-is-layout-650790e1 wp-block-group-is-layout-constrained\">\n<h1 class=\"wp-block-heading has-text-align-center has-x-large-font-size\">Le petit mot d&rsquo;accueil<\/h1>\n\n\n\n<div style=\"height:1.25rem\" aria-hidden=\"true\" class=\"wp-block-spacer\"><\/div>\n\n\n\n<p class=\"has-text-align-center\">Bienvenue au c\u0153ur des ateliers d\u2019Elsa. Un lieu pour approfondir ses comp\u00e9tences ou en forger de nouvelles de mani\u00e8re ludique. J\u2019y accueille des enfants du CP au CM2 en individuel ou en petits groupes. Tout cela \u00e0 mon domicile situ\u00e9 \u00e0 Seugy \u00e0 quelques minutes \u00e0 pied de l\u2019\u00e9cole \u00ab\u00a0Les ch\u00e2taigniers\u00a0\u00bb. \u00a0<\/p>\n\n\n\n<div style=\"height:1.25rem\" aria-hidden=\"true\" class=\"wp-block-spacer\"><\/div>\n\n\n\n<div class=\"wp-block-buttons is-content-justification-center is-layout-flex wp-container-core-buttons-is-layout-a89b3969 wp-block-buttons-is-layout-flex\">\n<div class=\"wp-block-button\"><a class=\"wp-block-button__link wp-element-button\" href=\"https:\/\/lesateliersdelsa.com\/index.php\/ma-demarche\/\">Ma d\u00e9marche<\/a><\/div>\n<\/div>\n<\/div>\n\n\n\n<figure class=\"wp-block-image aligncenter size-large\"><img loading=\"lazy\" decoding=\"async\" width=\"250\" height=\"250\" src=\"https:\/\/lesateliersdelsa.com\/wp-content\/uploads\/2025\/06\/montessori-primaria-6-12.png\" alt=\"\" class=\"wp-image-11\" srcset=\"https:\/\/lesateliersdelsa.com\/wp-content\/uploads\/2025\/06\/montessori-primaria-6-12.png 250w, https:\/\/lesateliersdelsa.com\/wp-content\/uploads\/2025\/06\/montessori-primaria-6-12-150x150.png 150w\" sizes=\"auto, (max-width: 250px) 100vw, 250px\" \/><\/figure>\n\n\n\n<div style=\"height:var(--wp--preset--spacing--30)\" aria-hidden=\"true\" class=\"wp-block-spacer\"><\/div>\n<\/div>\n\n\n\n<figure class=\"wp-block-gallery has-nested-images columns-default is-cropped wp-block-gallery-2 is-layout-flex wp-block-gallery-is-layout-flex\"><\/figure>\n","protected":false},"excerpt":{"rendered":"<p>Accueil Le petit mot d&rsquo;accueil Bienvenue au c\u0153ur des ateliers d\u2019Elsa. Un lieu pour approfondir ses comp\u00e9tences ou en forger de nouvelles de mani\u00e8re ludique. J\u2019y accueille des enfants du CP au CM2 en individuel ou en petits groupes. Tout cela \u00e0 mon domicile situ\u00e9 \u00e0 Seugy \u00e0 quelques minutes \u00e0 pied de l\u2019\u00e9cole \u00ab\u00a0Les [&hellip;]<\/p>\n","protected":false},"author":1,"featured_media":0,"parent":0,"menu_order":0,"comment_status":"closed","ping_status":"closed","template":"","meta":{"footnotes":""},"class_list":["post-10","page","type-page","status-publish","hentry"],"_links":{"self":[{"href":"https:\/\/lesateliersdelsa.com\/index.php\/wp-json\/wp\/v2\/pages\/10","targetHints":{"allow":["GET"]}}],"collection":[{"href":"https:\/\/lesateliersdelsa.com\/index.php\/wp-json\/wp\/v2\/pages"}],"about":[{"href":"https:\/\/lesateliersdelsa.com\/index.php\/wp-json\/wp\/v2\/types\/page"}],"author":[{"embeddable":true,"href":"https:\/\/lesateliersdelsa.com\/index.php\/wp-json\/wp\/v2\/users\/1"}],"replies":[{"embeddable":true,"href":"https:\/\/lesateliersdelsa.com\/index.php\/wp-json\/wp\/v2\/comments?post=10"}],"version-history":[{"count":27,"href":"https:\/\/lesateliersdelsa.com\/index.php\/wp-json\/wp\/v2\/pages\/10\/revisions"}],"predecessor-version":[{"id":143,"href":"https:\/\/lesateliersdelsa.com\/index.php\/wp-json\/wp\/v2\/pages\/10\/revisions\/143"}],"wp:attachment":[{"href":"https:\/\/lesateliersdelsa.com\/index.php\/wp-json\/wp\/v2\/media?parent=10"}],"curies":[{"name":"wp","href":"https:\/\/api.w.org\/{rel}","templated":true}]}}